{"id":28,"date":"2020-08-28T19:00:23","date_gmt":"2020-08-28T19:00:23","guid":{"rendered":"http:\/\/localhost\/wordpress\/?page_id=28"},"modified":"2025-01-22T21:02:19","modified_gmt":"2025-01-22T21:02:19","slug":"people","status":"publish","type":"page","link":"https:\/\/www.pearl-candac.ca\/website\/index.php\/people\/","title":{"rendered":"People"},"content":{"rendered":"\n<h2>Principal investigator<\/h2>\n\n\n\n<figure class=\"wp-block-image size-full\"><a href=\"https:\/\/www.pearl-candac.ca\/website\/index.php\/people\/prof-kimberly-strong\/\"><img loading=\"lazy\" width=\"150\" height=\"150\" src=\"https:\/\/www.pearl-candac.ca\/website\/wp-content\/uploads\/2020\/08\/kim-strong-headshot.jpg\" alt=\"\" class=\"wp-image-45\"\/><\/a><\/figure>\n\n\n\n<p><strong>Prof. Kimberly Strong<\/strong><br>University of Toronto<\/p>\n\n\n\n<h2>Co-investigator<\/h2>\n\n\n\n<div class=\"wp-container-1 wp-block-group\"><div class=\"wp-block-group__inner-container\">\n<div class=\"wp-block-columns\">\n<div class=\"wp-block-column\">\n<figure class=\"wp-block-image size-full\"><a href=\"https:\/\/www.pearl-candac.ca\/website\/index.php\/people\/prof-jim-james-drummond\/\"><img loading=\"lazy\" width=\"150\" height=\"150\" src=\"https:\/\/www.pearl-candac.ca\/website\/wp-content\/uploads\/2020\/08\/james-drummond-Headshot.jpg\" alt=\"\" class=\"wp-image-42\"\/><\/a><\/figure>\n\n\n\n<p><strong>Prof. James (Jim) Drummond<\/strong><br>Dalhousie University<\/p>\n<\/div>\n\n\n\n<div class=\"wp-block-column\">\n<figure class=\"wp-block-image size-full\"><a href=\"https:\/\/www.pearl-candac.ca\/website\/index.php\/people\/prof-kaley-a-walker\/\"><img loading=\"lazy\" width=\"150\" height=\"150\" src=\"https:\/\/www.pearl-candac.ca\/website\/wp-content\/uploads\/2020\/08\/kaley-walker-headshot.jpg\" alt=\"\" class=\"wp-image-44\"\/><\/a><\/figure>\n\n\n\n<p><strong>Prof. Kaley A. Walker<\/strong><br>University of Toronto<\/p>\n<\/div>\n\n\n\n<div class=\"wp-block-column\">\n<figure class=\"wp-block-image size-full size-large\"><a href=\"https:\/\/www.pearl-candac.ca\/website\/index.php\/people\/prof-jean-pierre-blanchet\/\"><img loading=\"lazy\" width=\"149\" height=\"149\" src=\"https:\/\/www.pearl-candac.ca\/website\/wp-content\/uploads\/2020\/08\/Jean-Pierre-blanchet-headshot.jpg\" alt=\"\" class=\"wp-image-43\"\/><\/a><\/figure>\n\n\n\n<p><strong>Prof. Jean-Pierre Blanchet<\/strong><br>Universit\u00e9 du Qu\u00e9bec a Montr\u00e9al<\/p>\n<\/div>\n<\/div>\n\n\n\n<p>&nbsp;<\/p>\n<\/div><\/div>\n\n\n\n<div class=\"wp-container-2 wp-block-group\"><div class=\"wp-block-group__inner-container\">\n<div class=\"wp-block-columns\">\n<div class=\"wp-block-column\">\n<figure class=\"wp-block-image size-full\"><a href=\"https:\/\/www.pearl-candac.ca\/website\/index.php\/people\/prof-rachel-chang\/\"><img loading=\"lazy\" width=\"150\" height=\"150\" src=\"https:\/\/www.pearl-candac.ca\/website\/wp-content\/uploads\/2020\/08\/rachel-chang-headshot.jpg\" alt=\"\" class=\"wp-image-49\"\/><\/a><\/figure>\n\n\n\n<p><strong>Prof. Rachel Chang<\/strong><br>Dalhousie University<\/p>\n<\/div>\n\n\n\n<div class=\"wp-block-column\">\n<figure class=\"wp-block-image size-full size-large\"><a href=\"https:\/\/www.pearl-candac.ca\/website\/index.php\/people\/prof-patrick-l-hayes\/\"><img loading=\"lazy\" width=\"150\" height=\"150\" src=\"https:\/\/www.pearl-candac.ca\/website\/wp-content\/uploads\/2020\/08\/patrick-hayes-headshot.jpg\" alt=\"\" class=\"wp-image-47\"\/><\/a><\/figure>\n\n\n\n<p><strong>Prof. Patrick L. Hayes<\/strong><br>Universit\u00e9 de Montr\u00e9al<\/p>\n<\/div>\n\n\n\n<div class=\"wp-block-column\">\n<figure class=\"wp-block-image size-full\"><a href=\"https:\/\/www.pearl-candac.ca\/website\/index.php\/people\/prof-alan-h-manson\/\"><img loading=\"lazy\" width=\"150\" height=\"150\" src=\"https:\/\/www.pearl-candac.ca\/website\/wp-content\/uploads\/2020\/08\/alan-manson-headshot.jpg\" alt=\"\" class=\"wp-image-40\"\/><\/a><\/figure>\n\n\n\n<p><strong>Prof. Alan H. Manson<\/strong><br>University of Saskatchewan<\/p>\n<\/div>\n<\/div>\n<\/div><\/div>\n\n\n\n<p>&nbsp;<\/p>\n\n\n\n<div class=\"wp-container-3 wp-block-group\"><div class=\"wp-block-group__inner-container\">\n<div class=\"wp-block-columns\">\n<div class=\"wp-block-column\" style=\"flex-basis:100%\">\n<div class=\"wp-block-columns\">\n<div class=\"wp-block-column\">\n<figure class=\"wp-block-image size-full\"><a href=\"https:\/\/www.pearl-candac.ca\/website\/index.php\/people\/prof-norm-oneil\/\"><img loading=\"lazy\" width=\"150\" height=\"150\" src=\"https:\/\/www.pearl-candac.ca\/website\/wp-content\/uploads\/2020\/08\/Norm-Neill-headshot.jpg\" alt=\"\" class=\"wp-image-46\"\/><\/a><\/figure>\n\n\n\n<p><strong>Prof. Norm O&#8217;Neill<\/strong><br>Universit\u00e9 de Sherbrooke<\/p>\n<\/div>\n\n\n\n<div class=\"wp-block-column\">\n<figure class=\"wp-block-image size-full\"><a href=\"https:\/\/www.pearl-candac.ca\/website\/index.php\/people\/prof-robert-sica\/\"><img loading=\"lazy\" width=\"150\" height=\"150\" src=\"https:\/\/www.pearl-candac.ca\/website\/wp-content\/uploads\/2020\/08\/robert-sica-headshot.jpg\" alt=\"\" class=\"wp-image-50\"\/><\/a><\/figure>\n\n\n\n<p><strong>Prof. Robert Sica<\/strong><br>Western University<\/p>\n<\/div>\n\n\n\n<div class=\"wp-block-column\">\n<figure class=\"wp-block-image size-full\"><a href=\"https:\/\/www.pearl-candac.ca\/website\/index.php\/william-ward\/\"><img loading=\"lazy\" width=\"150\" height=\"150\" src=\"https:\/\/www.pearl-candac.ca\/website\/wp-content\/uploads\/2022\/03\/WWard_2022.jpg\" alt=\"\" class=\"wp-image-1024\"\/><\/a><\/figure>\n\n\n\n<p><strong>Prof. William Ward<\/strong><br>University of New Brunswick<\/p>\n<\/div>\n<\/div>\n<\/div>\n<\/div>\n<\/div><\/div>\n\n\n\n<h2>Staff<\/h2>\n\n\n\n<div class=\"wp-container-4 wp-block-group\"><div class=\"wp-block-group__inner-container\">\n<div class=\"wp-block-columns\">\n<div class=\"wp-block-column\">\n<figure class=\"wp-block-image size-full\"><a href=\"https:\/\/www.pearl-candac.ca\/website\/index.php\/people\/dr-pierre-fogal\/\"><img loading=\"lazy\" width=\"150\" height=\"150\" src=\"https:\/\/www.pearl-candac.ca\/website\/wp-content\/uploads\/2020\/08\/pierre-fogal-headshot.jpg\" alt=\"\" class=\"wp-image-48\"\/><\/a><\/figure>\n\n\n\n<p><strong>Dr. Pierre Fogal<\/strong><br>University of Toronto<\/p>\n<\/div>\n\n\n\n<div class=\"wp-block-column\">\n<figure class=\"wp-block-image size-full\"><a href=\"https:\/\/www.pearl-candac.ca\/website\/index.php\/people\/yan-tsehtik\/\"><img loading=\"lazy\" width=\"150\" height=\"138\" src=\"https:\/\/www.pearl-candac.ca\/website\/wp-content\/uploads\/2020\/12\/yan-tsehtik-headshot.jpg\" alt=\"\" class=\"wp-image-540\"\/><\/a><\/figure>\n\n\n\n<p><strong>Yan Tsehtik<\/strong><br>Dalhousie University<\/p>\n<\/div>\n\n\n\n<div class=\"wp-block-column\">\n<p><\/p>\n<\/div>\n<\/div>\n\n\n\n<p>&nbsp;<\/p>\n<\/div><\/div>\n\n\n\n<h2>Current Researchers<\/h2>\n\n\n\n<div class=\"wp-container-5 wp-block-group\"><div class=\"wp-block-group__inner-container\">\n<div class=\"wp-block-columns\">\n<div class=\"wp-block-column\">\n<figure class=\"wp-block-image size-full\"><img loading=\"lazy\" width=\"150\" height=\"150\" src=\"https:\/\/www.pearl-candac.ca\/website\/wp-content\/uploads\/2024\/12\/RaminaAlwarda_headshot.jpg\" alt=\"\" class=\"wp-image-1315\"\/><\/figure>\n\n\n\n<p><strong><strong>Ramina Alwarda<\/strong><\/strong><br>University of Toronto<\/p>\n<\/div>\n\n\n\n<div class=\"wp-block-column\">\n<figure class=\"wp-block-image size-full\"><a href=\" https:\/\/www.pearl-candac.ca\/website\/index.php\/people\/dr-emily-mccullough\/\"><img loading=\"lazy\" width=\"150\" height=\"150\" src=\"https:\/\/www.pearl-candac.ca\/website\/wp-content\/uploads\/2020\/09\/emily-mccullough-headshot.jpg\" alt=\"\" class=\"wp-image-120\"\/><\/a><\/figure>\n\n\n\n<p><strong>Dr. Emily McCullough<\/strong><br>Dalhousie University<\/p>\n<\/div>\n\n\n\n<div class=\"wp-block-column\">\n<figure class=\"wp-block-image size-full\"><a href=\"https:\/\/www.pearl-candac.ca\/website\/index.php\/people\/dr-liviu-ivanescu\/\"><img loading=\"lazy\" width=\"150\" height=\"150\" src=\"https:\/\/www.pearl-candac.ca\/website\/wp-content\/uploads\/2020\/09\/liviu-ivanescu-headshot.jpg\" alt=\"\" class=\"wp-image-131\"\/><\/a><\/figure>\n\n\n\n<p><strong>Dr<\/strong>. <strong>Liviu Ivanescu<\/strong><br>Universit\u00e9 de Sherbrooke<\/p>\n<\/div>\n<\/div>\n<\/div><\/div>\n\n\n\n<p>&nbsp;<\/p>\n\n\n\n<div class=\"wp-container-6 wp-block-group\"><div class=\"wp-block-group__inner-container\">\n<div class=\"wp-block-columns\">\n<div class=\"wp-block-column\">\n<figure class=\"wp-block-image size-full\"><img loading=\"lazy\" width=\"150\" height=\"150\" src=\"https:\/\/www.pearl-candac.ca\/website\/wp-content\/uploads\/2024\/02\/chris_web.jpg\" alt=\"\" class=\"wp-image-1209\"\/><\/figure>\n\n\n\n<p><strong>Dr. Chris Meek <\/strong><br>University of Saskatchewan<\/p>\n<\/div>\n\n\n\n<div class=\"wp-block-column\">\n<figure class=\"wp-block-image size-full\"><a href=\" https:\/\/www.pearl-candac.ca\/website\/index.php\/people\/beatriz-herrera\/\"><img loading=\"lazy\" width=\"150\" height=\"150\" src=\"https:\/\/www.pearl-candac.ca\/website\/wp-content\/uploads\/2020\/12\/Beatriz-Herrera-Headshot.jpg\" alt=\"\" class=\"wp-image-511\"\/><\/a><\/figure>\n\n\n\n<p><strong>Beatriz Herrera<\/strong><br>University of Toronto<\/p>\n<\/div>\n\n\n\n<div class=\"wp-block-column\">\n<figure class=\"wp-block-image size-full\"><img loading=\"lazy\" width=\"150\" height=\"150\" src=\"https:\/\/www.pearl-candac.ca\/website\/wp-content\/uploads\/2024\/02\/VICENTE-LUIS_Andy_web.jpg\" alt=\"\" class=\"wp-image-1242\"\/><\/figure>\n\n\n\n<p><strong>Andy Vicente-Luis<\/strong><br>Universit\u00e9 de Montr\u00e9al<\/p>\n<\/div>\n<\/div>\n<\/div><\/div>\n\n\n\n<p>&nbsp;<\/p>\n\n\n\n<div class=\"wp-container-7 wp-block-group\"><div class=\"wp-block-group__inner-container\">\n<div class=\"wp-block-columns\">\n<div class=\"wp-block-column\">\n<figure class=\"wp-block-image size-full\"><img loading=\"lazy\" width=\"150\" height=\"150\" src=\"https:\/\/www.pearl-candac.ca\/website\/wp-content\/uploads\/2024\/02\/EmilyTracey_web.jpg\" alt=\"\" class=\"wp-image-1231\"\/><\/figure>\n\n\n\n<p><strong>Emily Tracey<\/strong><br>Western University<\/p>\n<\/div>\n\n\n\n<div class=\"wp-block-column\">\n<figure class=\"wp-block-image size-full\"><a href=\"https:\/\/www.pearl-candac.ca\/website\/index.php\/people\/joseph-hung\/\"><img loading=\"lazy\" width=\"150\" height=\"150\" src=\"https:\/\/www.pearl-candac.ca\/website\/wp-content\/uploads\/2020\/11\/Joseph-Hung-headshot.jpg\" alt=\"\" class=\"wp-image-373\"\/><\/a><\/figure>\n\n\n\n<p><strong> Joseph Hung <\/strong><br>University of Toronto<\/p>\n<\/div>\n\n\n\n<div class=\"wp-block-column\">\n<figure class=\"wp-block-image size-full\"><img loading=\"lazy\" width=\"150\" height=\"150\" src=\"https:\/\/www.pearl-candac.ca\/website\/wp-content\/uploads\/2024\/02\/STEVENS_Robin_web.jpg\" alt=\"\" class=\"wp-image-1241\"\/><\/figure>\n\n\n\n<p><strong>Robin Stevens<\/strong><br>Universit\u00e9 de Montr\u00e9al<\/p>\n<\/div>\n<\/div>\n<\/div><\/div>\n\n\n\n<p><\/p>\n\n\n\n<div class=\"wp-container-8 wp-block-group\"><div class=\"wp-block-group__inner-container\">\n<div class=\"wp-block-columns\">\n<div class=\"wp-block-column\">\n<figure class=\"wp-block-image size-full\"><img loading=\"lazy\" width=\"150\" height=\"150\" src=\"https:\/\/www.pearl-candac.ca\/website\/wp-content\/uploads\/2024\/02\/victoriapinnegar_web-2.jpeg\" alt=\"\" class=\"wp-image-1238\"\/><\/figure>\n\n\n\n<p><strong>Victoria Pinnegar<\/strong><br>Western University<\/p>\n<\/div>\n\n\n\n<div class=\"wp-block-column\">\n<figure class=\"wp-block-image size-full\"><img loading=\"lazy\" width=\"150\" height=\"152\" src=\"https:\/\/www.pearl-candac.ca\/website\/wp-content\/uploads\/2024\/02\/Seyed_web.jpg\" alt=\"\" class=\"wp-image-1218\"\/><\/figure>\n\n\n\n<p><strong>Seyed Ali Sayedain<\/strong><br>Universit\u00e9 de Sherbrooke<\/p>\n<\/div>\n\n\n\n<div class=\"wp-block-column\">\n<figure class=\"wp-block-image size-full\"><img loading=\"lazy\" width=\"150\" height=\"150\" src=\"https:\/\/www.pearl-candac.ca\/website\/wp-content\/uploads\/2024\/02\/Yasoda_web.jpg\" alt=\"\" class=\"wp-image-1222\"\/><\/figure>\n\n\n\n<p><strong>Vasura Jayaweera<\/strong><br>Western University<\/p>\n<\/div>\n<\/div>\n<\/div><\/div>\n\n\n\n<div class=\"wp-container-9 wp-block-group\"><div class=\"wp-block-group__inner-container\">\n<div class=\"wp-block-columns\">\n<div class=\"wp-block-column\">\n<figure class=\"wp-block-image size-full\"><img loading=\"lazy\" width=\"150\" height=\"150\" src=\"https:\/\/www.pearl-candac.ca\/website\/wp-content\/uploads\/2024\/02\/headshot_web-2.png\" alt=\"\" class=\"wp-image-1202\"\/><\/figure>\n\n\n\n<p><strong>Phillipe Gauvin-Bourdon<\/strong><br>Dalhousie University<\/p>\n<\/div>\n\n\n\n<div class=\"wp-block-column\">\n<figure class=\"wp-block-image size-full\"><img loading=\"lazy\" width=\"150\" height=\"150\" src=\"https:\/\/www.pearl-candac.ca\/website\/wp-content\/uploads\/2024\/02\/headshot_web-3.png\" alt=\"\" class=\"wp-image-1203\"\/><\/figure>\n\n\n\n<p><strong>Joelle Dionne<\/strong><br>Dalhousie University<\/p>\n<\/div>\n\n\n\n<div class=\"wp-block-column\">\n<figure class=\"wp-block-image size-full\"><a href=\"https:\/\/www.pearl-candac.ca\/website\/index.php\/people\/erin-mcgee\/\"><img loading=\"lazy\" width=\"150\" height=\"150\" src=\"https:\/\/www.pearl-candac.ca\/website\/wp-content\/uploads\/2020\/11\/Erin-McGee-headshot.jpg\" alt=\"\" class=\"wp-image-372\"\/><\/a><\/figure>\n\n\n\n<p><strong>Erin McGee<\/strong><br>University of Toronto<\/p>\n<\/div>\n<\/div>\n<\/div><\/div>\n\n\n\n<p><\/p>\n\n\n\n<div class=\"wp-container-10 wp-block-group\"><div class=\"wp-block-group__inner-container\">\n<div class=\"wp-block-columns\">\n<div class=\"wp-block-column\">\n<figure class=\"wp-block-image size-full\"><img loading=\"lazy\" width=\"150\" height=\"150\" src=\"https:\/\/www.pearl-candac.ca\/website\/wp-content\/uploads\/2024\/02\/VictoriaFlood_headshot.jpeg\" alt=\"\" class=\"wp-image-1204\"\/><\/figure>\n\n\n\n<p><strong>Victoria Flood<\/strong><br>University of Toronto<\/p>\n<\/div>\n\n\n\n<div class=\"wp-block-column\">\n<figure class=\"wp-block-image size-full is-resized\"><img loading=\"lazy\" src=\"https:\/\/www.pearl-candac.ca\/website\/wp-content\/uploads\/2024\/02\/PetraDuff_headshot.jpeg\" alt=\"\" class=\"wp-image-1205\" width=\"150\" height=\"150\"\/><\/figure>\n\n\n\n<p><strong>Petra Duff <\/strong><br>University of Toronto<\/p>\n<\/div>\n\n\n\n<div class=\"wp-block-column\">\n<figure class=\"wp-block-image size-full\"><img loading=\"lazy\" width=\"149\" height=\"149\" src=\"https:\/\/www.pearl-candac.ca\/website\/wp-content\/uploads\/2024\/12\/Kevin_Joshy.png\" alt=\"\" class=\"wp-image-1324\"\/><\/figure>\n\n\n\n<p><strong>Kevin Joshy<\/strong><br>University of Toronto<\/p>\n<\/div>\n<\/div>\n<\/div><\/div>\n\n\n\n<p><\/p>\n\n\n\n<div class=\"wp-container-11 wp-block-group\"><div class=\"wp-block-group__inner-container\">\n<div class=\"wp-block-columns\">\n<div class=\"wp-block-column\"><\/div>\n\n\n\n<div class=\"wp-block-column\"><\/div>\n\n\n\n<div class=\"wp-block-column\"><\/div>\n<\/div>\n<\/div><\/div>\n\n\n\n<div class=\"wp-container-12 wp-block-group\"><div class=\"wp-block-group__inner-container\">\n<div class=\"wp-block-columns\">\n<div class=\"wp-block-column\">\u00a0<\/div>\n\n\n\n<div class=\"wp-block-column\">\u00a0<\/div>\n\n\n\n<div class=\"wp-block-column\">\u00a0<\/div>\n<\/div>\n\n\n\n<p><strong>Partial list of Past Members<\/strong><br>For past trainees associated with the NSERC CREATE Training Program in Arctic Atmospheric Science, see <a href=\"https:\/\/www.candac.ca\/create\/trainees.html\">https:\/\/www.candac.ca\/create\/trainees.html<\/a><\/p>\n\n\n\n<p><strong>Undergraduate Research Students<\/strong><br>Raia Ottenheimer \u2013 UG with Strong, UofT, 2023-2024<br>William Adams \u2013 UG with Walker, UofT, 2022-2022<br>Ruth Huang \u2013 UG with Walker, UofT, 2021-2021<br>Victoria Spada \u2013 UG with Walker, UofT, 2020-2020<br>Bianca Azulay \u2013 UG with Drummond, Dalhousie, 2019-2020<br>Mark Buchanan \u2013 UG with Walker, UofT, 2018-2018<br>Alistair Duff \u2013 UG with Strong, UofT, 2018-2018<br>Alex Fogal \u2013 UG with Walker, UofT, 2018-2018<br>Simran Nerval \u2013 UG with Walker, UofT, 2018-2018<br>Alex Bercik \u2013 UG with Walker, UofT, 2017-2017<br>Jean-Christophe Picard \u2013 UG with Hayes, UdeM, 2017-2017<br>Romina Piunno \u2013 UG with Strong, UofT, 2017-2017<br>Luke Collins \u2013 UG with Walker, UofT, 2016-2016<br>Hayden Johnson \u2013 UG with Strong, UofT, 2016-2017<br>Gaige Kerr \u2013 UG with O\u2019Neill, Sherbrooke, 2014-2014<br>Maura Dewey \u2013 UG with Walker, UofT, 2014-2014<br>Tess King \u2013 UG with Walker, UofT, 2014-2014<br>Sean Hartery \u2013 UG with Duck, Dalhousie, 2014-2014<br>David LeClerc \u2013 UG with Drummond, Dalhousie, 2014-2014<br>Carmen Lee \u2013 UG with Drummond, Dalhousie, 2014-2014<br>Peter McGovern \u2013 UG (PEARL intern with Fogal\/Walker), UofT, 2014-2014<br>Kevin O\u2019Hearon \u2013 UG with Lesins, Dalhousie, 2013-2014<br>Meike Rotermund \u2013 UG with Duck, Dalhousie, 2013-2014<br>Chia Cheng Chen \u2013 UG with Shepherd, YorkU, 2013-2013<br>Valerie Losier \u2013 UG with Ward, UNB, 2013-2013<br>Onaizah Onaizah \u2013 UG with Walker, UofT, 2013-2013<br>Joseph Hung \u2013 UG with Strong, UofT, 2019-2020<br>Alice Wang \u2013 UG with Strong, UofT, 2019-2019<br>Tyler Wizenberg \u2013 UG with Strong, UofT, 2018-2018<br>Wen (Cindy) Wei \u2013 UG with Walker, UofT, 2016-2016<br>Peter Argall \u2013 UG with Sica, Western, 2013-2013<br>Kostya Golovan \u2013 UG with Strong, UofT, 2013-2013<br>Sean Hartery \u2013 UG with Sica, Western, 2013-2013<br>Mathilde Jutras \u2013 UG with Drummond, Dalhousie, 2013-2013<br>Bradley Kloostra \u2013 UG with Walker, UofT, 2013-2013<\/p>\n\n\n\n<p><strong>MSc Students<\/strong><br>Joseph Hung \u2013 MSc with Strong, UofT, 2020-2021<br>Victoria Pinnegar \u2013 MSc with Sica, Western, 2020-2020<br>Vasura Jayaweera \u2013 MSc with Sica, Western, 2020-2020<br>Ramina Alwarda \u2013 MSc with Strong, UofT, 2019-2020<br>Fabien Dub\u00e9-Melanson \u2013 MSc with Blanchet, UQAM, 2018-2020<br>Dustin Fraser \u2013 MSc with Ward, UNB, 2018-2020<br>Dustin Gamblin \u2013 MSc with Ward, UNB, 2018-2020<br>Tyler Wizenberg \u2013 MSc with Strong, UofT, 2018-2019<br>Alireza Aslemand \u2013 MSc with O\u2019Neill, Sherbrooke, 2017-2020<br>Andy Vicente-Luis \u2013 MSc with Hayes, UdeM, 2017-2020<br>Laurence Coursol \u2013 MSc with Blanchet, UQAM, 2017-2019<br>Fr\u00e9d\u00e9ric Dubuis \u2013 MSc with Blanchet, UQAM, 2016-2020<br>Samantha Tremblay \u2013 MSc with Hayes, UdeM, 2016-2019<br>Joelle Dionne \u2013 MSc with Chang, Dalhousie, 2016-2018<br>Rodrigue Sandrin \u2013 MSc (Visiting with Strong), UofT, 2016-2016<br>Kristof Bognar \u2013 MSc with Strong, UofT, 2015-2016<br>Ludovick Pelletier \u2013 MSc with Blanchet, UQAM, 2014-2017<br>Shannon Hicks \u2013 MSc with Sica, Western, 2014-2015<br>Jeffrey Vankerkhove \u2013 MSc with Sica, Western, 2014-2015<br>S\u00e9bastien Roche \u2013 MSc (Visiting with Strong), UofT, 2014-2014<br>Chris Vail \u2013 MSc with Ward, UNB, 2013-2019<br>Sareh Hesaraki \u2013 MSc with O\u2019Neill, Sherbrooke, 2013-2017<br>Melanie Wright \u2013 MSc with Hocking, Western, 2013-2016<br>Shayamila N. M. Gamage \u2013 MSc with Sica, Western, 2013-2015<br>Liviu Ivanescu \u2013 MSc with Blanchet, Sherbrooke, 2013-2015<br>Christian Akpanya \u2013 MSc with Ward, UNB, 2013-2014<br>Ali Jalali \u2013 MSc with Sica, Western, 2013-2014<br>Erik Lutsch \u2013 MSc with Strong, UofT, 2013-2014<br>Anthony Pugliese \u2013 MSc with Strong, UofT, 2013-2014<\/p>\n\n\n\n<p><strong>PhD Students<\/strong><br>Tyler Wizenberg \u2013 PhD with Strong, UofT, 2019-2023<br>Ludovick Pelletier \u2013 PhD with Blanchet, UQAM, 2017-2020<br>Housseyni Sankare \u2013 PhD with Blanchet, UQAM, 2017-2020<br>Sam Kristoffersen \u2013 PhD with Ward, UNB, 2017-2019<br>Kristof Bognar \u2013 PhD with Strong, UofT, 2016-2021<br>Paul Jeffrey \u2013 PhD with Walker, UofT, 2016-2020<br>Ellen Eckert \u2013 PhD (Visiting with Walker), UofT, 2016-2016<br>Yasmin Aboel Fetouh \u2013 PhD with O\u2019Neill, Sherbrooke, 2015-2020<br>Liviu Ivanescu \u2013 PhD with O\u2019Neill, Sherbrooke, 2015-2020<br>Keyvan Ranjbar \u2013 PhD with O\u2019Neill, Sherbrooke, 2015-2020<br>Shayamila N. M. Gamage \u2013 PhD with Sica, Western, 2015-2019<br>Shannon Hicks \u2013 PhD with Sica, Western, 2015-2019<br>Jeffrey Vankerkhove \u2013 PhD with Sica, Western, 2015-2019<br>Brendan Byrne \u2013 PhD with Strong, UofT, 2015-2016<br>S\u00e9bastien Roche \u2013 PhD with Strong, UofT, 2015-2021<br>Yann Blanchard \u2013 PhD with Royer &amp; O\u2019Neill, Sherbrooke, 2014-2019<br>Erik Lutsch \u2013 PhD with Strong, UofT, 2014-2019<br>Ghazal Farhani \u2013 PhD with Sica, Western, 2014-2018<br>Ali Jalali \u2013 PhD with Sica, Western, 2014-2016<br>Dan Weaver \u2013 PhD with Strong, UofT, 2012-2019<br>Chris Perro \u2013 PhD with Duck, Dalhousie, 2013-2017<br>Debora Griffin \u2013 PhD with Walker, UofT, 2013-2016<br>Joseph Mendonca \u2013 PhD with Strong, UofT, 2013-2017<br>Xiaoyi Zhao \u2013 PhD with Strong, UofT, 2011-2016<br>David Daou \u2013 PhD with O\u2019Neill, Sherbrooke, 2013-2015<br>Jonathan Franklin \u2013 PhD with Drummond, Dalhousie, 2013-2015<br>Felicia Kolonjari \u2013 PhD with Walker, UofT, 2013-2015<br>Jeffery Langille \u2013 PhD with Ward, UNB, 2013-2015<br>Emily McCullough \u2013 PhD with Sica, Western, 2013-2015<br>Zen Mariani \u2013 PhD with Strong, UofT, 2010-2014<br>Niall Ryan \u2013 PhD with Walker, UofT, 2013-2014<br>Konstantin Baibakov \u2013 PhD with O\u2019Neill, Sherbrooke, 2009-2014<br>Cristen Adams \u2013 PhD with Strong, UofT, 2007-2012<br>Rodica Lindenmaier \u2013 PhD with Strong, UofT, 2007-2012<\/p>\n\n\n\n<p><strong>Post-Doctoral Fellows<\/strong><br>Liviu Ivanescu \u2013 PDF with O\u2019Neill, Sherbrooke, 2020-2024<br>Keyvan Ranjbar \u2013 PDF with O\u2019Neill, Sherbrooke, 2020-2020<br>Ellen Eckert \u2013 PDF with Strong &amp; Walker, UofT, 2018-2020<br>Ghazal Farhani \u2013 PDF with Sica and Ana Luisa Trejos, Western, 2019-2020<br>Shayamila N. M. Gamage \u2013 PDF with Hayes, UdeM, 2019-2020<br>Ali Jalali \u2013 PDF with Walker, UofT, 2019-2020<br>Sam Kristoffersen \u2013 PDF with Ward, UNB, 2019-2020<br>Jai Chaubey \u2013 PDF with Chang, Dalhousie, 2017-2019<br>Lei Liu \u2013 PDF with Strong, UofT, 2017-2019<br>Chris Perro \u2013 PDF with, Dalhousie, 2017-2019<br>Debora Griffin \u2013 PDF with Walker, UofT, 2017-2017<br>Quentin Libois \u2013 PDF with Blanchet, UQAM, 2016-2019<br>Ralf Bauer \u2013 PDF with Walker, UofT, 2016-2018<br>Konstantin Baibakov \u2013 PDF with O\u2019Neill, Sherbrooke, 2014-2016<br>Sophie Tran \u2013 PDF with Strong, UofT, 2014-2016<br>Uma Das \u2013 PDF with Ward, UNB, 2014-2015<br>Gerrit Holl \u2013 PDF with Walker, UofT, 2014-2015<br>Yann Blanchard \u2013 PDF with O\u2019Neill, Sherbrooke, 2014-2014<br>Auromeet Saha \u2013 PDF with O\u2019Neill, Sherbrooke, 2014-2014<br>Jai Chaubey \u2013 PDF with O\u2019Neill, Sherbrooke, 2013-2016<br>Stephanie Conway \u2013 PDF with Strong, UofT, 2013-2016<br>Zhenhua Li \u2013 PDF with Manson, Usask, 2013-2016<br>Camille Viatte \u2013 PDF with Strong, UofT, 2013-2014<\/p>\n\n\n\n<p><strong>Research Associates<\/strong><br>Lisa Leblanc \u2013 RA with Drummond, Dalhousie, 2007-2014<br>Maud Leriche \u2013 RA with Blanchet &amp; O\u2019Neill, UQAM, 2018-2024<br>Glen Lesins \u2013 RA, Dalhousie, 2013-2013<\/p>\n\n\n\n<p><strong>Technicians<\/strong><br>Andrew Hall \u2013 PEARL Operator, Dalhousie, 2019-2023<br>John Gallagher \u2013 PEARL Operator, CANDAC, 2017-2021<br>Peter McGovern \u2013 PEARL Operator, CANDAC, 2014-2019<br>Mike Maurice \u2013 PEARL Operator, CANDAC, 2013-2016<br>Dhaval Vyas \u2013 Technician (website management), Dalhousie, 2013-2013<br>Matt Mahoney \u2013 PEARL Operator, CANDAC, 2007-2013<br>Ben Avern \u2013 PEARL Operator, CANDAC, 2007-2013<br>Alexei Khmel \u2013 PEARL Operator, CANDAC, 2007-2013<br>Matt Okrazewski \u2013 PEARL Operator, CANDAC, 2007-2013<br>Susan Bingham \u2013 PEARL Operator, CANDAC, 2007-2013<br>Ashley Harrett \u2013 PEARL Operator, CANDAC, 2007-2013<br>Keith MacQuarrie \u2013 PEARL Operator, Dalhousie, 2007-2013<br>Hermann Berg \u2013 PEARL Operator, CANDAC, 2007-2013<br>Oleg Mikhailov \u2013 PEARL Operator, CANDAC, 2007-2013<br>Paul Loewen \u2013 PEARL Operator, CANDAC, 2007-2013<\/p>\n\n\n\n<p><strong>Other<\/strong><br>Olga Summers \u2013 PAHA staff, Dalhousie, 2014-2016<br>Aubyn O&#8217;Grady \u2013 Outreach Coordinator and CREATE-AAS Training Program Coordinator, UofT, 2013-2017<br>Ashley Kilgour \u2013 Outreach Coordinator and CREATE-AAS Training Program Coordinator, UofT, 2010-2013<br>Tara Cunningham \u2013 Outreach Coordinator, UofT, 2007-2010<\/p>\n\n\n\n<p><\/p>\n\n\n\n<p><\/p>\n<\/div><\/div>\n\n\n\n<div class=\"wp-container-13 wp-block-group\">\n<div class=\"wp-block-group__inner-container\">\u00a0<\/div>\n<\/div>\n","protected":false},"excerpt":{"rendered":"<p>Principal investigator Prof. Kimberly StrongUniversity of Toronto Co-investigator Prof. James (Jim) DrummondDalhousie University Prof. Kaley A. WalkerUniversity of Toronto Prof. Jean-Pierre BlanchetUniversit\u00e9 du Qu\u00e9bec a Montr\u00e9al &nbsp; Prof. Rachel ChangDalhousie University Prof. Patrick L. HayesUniversit\u00e9 de Montr\u00e9al Prof. Alan H. MansonUniversity of Saskatchewan &nbsp; Prof. Norm O&#8217;NeillUniversit\u00e9 de Sherbrooke Prof. Robert SicaWestern University Prof. William&hellip;&nbsp;<a href=\"https:\/\/www.pearl-candac.ca\/website\/index.php\/people\/\" class=\"\" rel=\"bookmark\">Read More &raquo;<span class=\"screen-reader-text\">People<\/span><\/a><\/p>\n","protected":false},"author":1,"featured_media":0,"parent":0,"menu_order":0,"comment_status":"closed","ping_status":"closed","template":"","meta":{"neve_meta_sidebar":"","neve_meta_container":"","neve_meta_enable_content_width":"off","neve_meta_content_width":0,"neve_meta_title_alignment":"","neve_meta_author_avatar":"","neve_post_elements_order":"","neve_meta_disable_header":"","neve_meta_disable_footer":"","neve_meta_disable_title":""},"_links":{"self":[{"href":"https:\/\/www.pearl-candac.ca\/website\/index.php\/wp-json\/wp\/v2\/pages\/28"}],"collection":[{"href":"https:\/\/www.pearl-candac.ca\/website\/index.php\/wp-json\/wp\/v2\/pages"}],"about":[{"href":"https:\/\/www.pearl-candac.ca\/website\/index.php\/wp-json\/wp\/v2\/types\/page"}],"author":[{"embeddable":true,"href":"https:\/\/www.pearl-candac.ca\/website\/index.php\/wp-json\/wp\/v2\/users\/1"}],"replies":[{"embeddable":true,"href":"https:\/\/www.pearl-candac.ca\/website\/index.php\/wp-json\/wp\/v2\/comments?post=28"}],"version-history":[{"count":90,"href":"https:\/\/www.pearl-candac.ca\/website\/index.php\/wp-json\/wp\/v2\/pages\/28\/revisions"}],"predecessor-version":[{"id":1350,"href":"https:\/\/www.pearl-candac.ca\/website\/index.php\/wp-json\/wp\/v2\/pages\/28\/revisions\/1350"}],"wp:attachment":[{"href":"https:\/\/www.pearl-candac.ca\/website\/index.php\/wp-json\/wp\/v2\/media?parent=28"}],"curies":[{"name":"wp","href":"https:\/\/api.w.org\/{rel}","templated":true}]}}