{"id":1068,"date":"2022-03-11T21:54:09","date_gmt":"2022-03-11T21:54:09","guid":{"rendered":"https:\/\/www.pearl-candac.ca\/website\/?page_id=1068"},"modified":"2022-03-22T18:48:52","modified_gmt":"2022-03-22T18:48:52","slug":"saoz","status":"publish","type":"page","link":"https:\/\/www.pearl-candac.ca\/website\/index.php\/saoz\/","title":{"rendered":"SAOZ"},"content":{"rendered":"\n<p><strong>Data<\/strong><br>Real Time SAOZ Data available <a href=\"http:\/\/saoz.obs.uvsq.fr\/SAOZ-RT.html\" target=\"_blank\" rel=\"noreferrer noopener\">here<\/a><br>Consolidated V3 SAOZ Data available <a href=\"http:\/\/saoz.obs.uvsq.fr\/SAOZ_consol_v3.html\" target=\"_blank\" rel=\"noreferrer noopener\">here<\/a><\/p>\n\n\n\n<p><strong>For more information about the SAOZ please contact <a href=\"mailto: andrea.pazmino@latmos.ipsl.fr\">Dr. Andrea Pazmi\u00f1o<\/a><\/strong><\/p>\n\n\n\n<hr class=\"wp-block-separator is-style-wide\"\/>\n\n\n\n<p>The SAOZ (Syst\u00e8me d&#8217;Analyse par Observation Z\u00e9nithale; <a href=\"https:\/\/doi.org\/10.1029\/GL015i008p00891\">Pommereau and Goutail, 1988<\/a>) is guest instrument at the PEARL Ridge Lab on loan from the Service d&#8217;Aeronomie (now LATMOS) of the Centre National de la Recherche Scientifique (CNRS) in France.&nbsp; It has been operated at PEARL since 2005 for the annual ACE\/OSIRIS Arctic Validation Campaigns, initially each spring and then year-round from 2015 onwards. The instrument is an automated, zenith-sky-viewing UV-Visible spectrometer that operates in a similar manner as the <a href=\"https:\/\/www.pearl-candac.ca\/website\/index.php\/instrumentation\/gbs\/\">GBSs<\/a> to measure atmospheric gases using scattered sunlight. &nbsp;SAOZ instruments are widely used around the world as a network, and are specifically designed for making stratospheric measurements in polar regions. SAOZ makes measurements of UV and visible spectra (300-600 nm wavelength range with a resolution of about 1.3 nm).&nbsp; It looks directly upwards (e.g., zenith-viewing) to make its observations primarily when the sun is close to the horizon (at solar zenith angles greater than 81 degrees), providing very good sensitivity to gases in the stratosphere.<\/p>\n\n\n\n<div class=\"wp-block-image\"><figure class=\"aligncenter size-full\"><img loading=\"lazy\" width=\"640\" height=\"426\" src=\"https:\/\/www.pearl-candac.ca\/website\/wp-content\/uploads\/2022\/03\/SAOZ.jpg\" alt=\"\" class=\"wp-image-1069\" srcset=\"https:\/\/www.pearl-candac.ca\/website\/wp-content\/uploads\/2022\/03\/SAOZ.jpg 640w, https:\/\/www.pearl-candac.ca\/website\/wp-content\/uploads\/2022\/03\/SAOZ-300x200.jpg 300w\" sizes=\"(max-width: 640px) 100vw, 640px\" \/><figcaption><strong>Figure 1:&nbsp; SAOZ installed on the roof at the PEARL Ridge Lab.&nbsp; It is tied down tightly to prevent it getting damaged during severe wind and snow storms.&nbsp; Photo Credit: Paul Loewen<\/strong><\/figcaption><\/figure><\/div>\n\n\n\n<p>The Differential Optical Absorption Spectroscopy (DOAS) method is used for retrieving stratospheric gas column amounts of ozone and NO<sub>2<\/sub> from the SAOZ measurements in a similar way to that used for the <a href=\"https:\/\/www.pearl-candac.ca\/website\/index.php\/instrumentation\/gbs\/\">GBS<\/a> systems. &nbsp;These results have been used to validate measurements from the Canadian Atmospheric Chemistry Experiment (ACE) and Optical Spectrograph and InfraRed Imager System (OSIRIS) satellites and many European satellite instruments.&nbsp; Most of the SAOZ instruments are part of the worldwide Network for Detection of Atmospheric Composition Change (NDACC).&nbsp; More information on the SAOZ instrument and its network can be found <a href=\"http:\/\/saoz.obs.uvsq.fr\/\">here<\/a>.<\/p>\n","protected":false},"excerpt":{"rendered":"<p>DataReal Time SAOZ Data available hereConsolidated V3 SAOZ Data available here For more information about the SAOZ please contact Dr. Andrea Pazmi\u00f1o The SAOZ (Syst\u00e8me d&#8217;Analyse par Observation Z\u00e9nithale; Pommereau and Goutail, 1988) is guest instrument at the PEARL Ridge Lab on loan from the Service d&#8217;Aeronomie (now LATMOS) of the Centre National de la&hellip;&nbsp;<a href=\"https:\/\/www.pearl-candac.ca\/website\/index.php\/saoz\/\" class=\"\" rel=\"bookmark\">Read More &raquo;<span class=\"screen-reader-text\">SAOZ<\/span><\/a><\/p>\n","protected":false},"author":1,"featured_media":0,"parent":0,"menu_order":0,"comment_status":"closed","ping_status":"closed","template":"","meta":{"neve_meta_sidebar":"full-width","neve_meta_container":"","neve_meta_enable_content_width":"on","neve_meta_content_width":100,"neve_meta_title_alignment":"","neve_meta_author_avatar":"","neve_post_elements_order":"","neve_meta_disable_header":"","neve_meta_disable_footer":"","neve_meta_disable_title":""},"_links":{"self":[{"href":"https:\/\/www.pearl-candac.ca\/website\/index.php\/wp-json\/wp\/v2\/pages\/1068"}],"collection":[{"href":"https:\/\/www.pearl-candac.ca\/website\/index.php\/wp-json\/wp\/v2\/pages"}],"about":[{"href":"https:\/\/www.pearl-candac.ca\/website\/index.php\/wp-json\/wp\/v2\/types\/page"}],"author":[{"embeddable":true,"href":"https:\/\/www.pearl-candac.ca\/website\/index.php\/wp-json\/wp\/v2\/users\/1"}],"replies":[{"embeddable":true,"href":"https:\/\/www.pearl-candac.ca\/website\/index.php\/wp-json\/wp\/v2\/comments?post=1068"}],"version-history":[{"count":4,"href":"https:\/\/www.pearl-candac.ca\/website\/index.php\/wp-json\/wp\/v2\/pages\/1068\/revisions"}],"predecessor-version":[{"id":1103,"href":"https:\/\/www.pearl-candac.ca\/website\/index.php\/wp-json\/wp\/v2\/pages\/1068\/revisions\/1103"}],"wp:attachment":[{"href":"https:\/\/www.pearl-candac.ca\/website\/index.php\/wp-json\/wp\/v2\/media?parent=1068"}],"curies":[{"name":"wp","href":"https:\/\/api.w.org\/{rel}","templated":true}]}}